{"id":315,"date":"2022-08-11T11:41:58","date_gmt":"2022-08-11T14:41:58","guid":{"rendered":"https:\/\/pedidos.aguasirte.com\/?post_type=product&#038;p=315"},"modified":"2022-08-18T13:41:34","modified_gmt":"2022-08-18T16:41:34","slug":"capsulas-mepiachi-cappuccino","status":"publish","type":"product","link":"https:\/\/pedidos.aguasirte.com\/index.php\/product\/capsulas-mepiachi-cappuccino\/","title":{"rendered":"Mepiachi Cappuccino caja 16 c\u00e1psulas"},"content":{"rendered":"<p>&nbsp;<\/p>\n<p>Caja de 16 c\u00e1psulas.<\/p>\n<p>Caf\u00e9 molido de tueste natural y leche en polvo con az\u00facar. Al m\u00e1s puro estilo italiano. Un caf\u00e9 con cuerpo, muy arom\u00e1tico donde la leche y la nata crean una agradable crema, consistente y duradera. Ofrece un post gusto final suave y dulce. Para tomar a cualquier hora del d\u00eda.<\/p>\n<p>$ 25,30 por c\u00e1psula<\/p>\n","protected":false},"excerpt":{"rendered":"<p>Caja de 8 c\u00e1psulas de caf\u00e9 + 8 c\u00e1psulas de caf\u00e9 intenso compatibles con sistema Dolce Gusto.<\/p>\n","protected":false},"featured_media":338,"template":"","meta":{"spay_email":""},"product_cat":[20],"product_tag":[55,56,58,59,60,64],"_links":{"self":[{"href":"https:\/\/pedidos.aguasirte.com\/index.php\/wp-json\/wp\/v2\/product\/315"}],"collection":[{"href":"https:\/\/pedidos.aguasirte.com\/index.php\/wp-json\/wp\/v2\/product"}],"about":[{"href":"https:\/\/pedidos.aguasirte.com\/index.php\/wp-json\/wp\/v2\/types\/product"}],"wp:featuredmedia":[{"embeddable":true,"href":"https:\/\/pedidos.aguasirte.com\/index.php\/wp-json\/wp\/v2\/media\/338"}],"wp:attachment":[{"href":"https:\/\/pedidos.aguasirte.com\/index.php\/wp-json\/wp\/v2\/media?parent=315"}],"wp:term":[{"taxonomy":"product_cat","embeddable":true,"href":"https:\/\/pedidos.aguasirte.com\/index.php\/wp-json\/wp\/v2\/product_cat?post=315"},{"taxonomy":"product_tag","embeddable":true,"href":"https:\/\/pedidos.aguasirte.com\/index.php\/wp-json\/wp\/v2\/product_tag?post=315"}],"curies":[{"name":"wp","href":"https:\/\/api.w.org\/{rel}","templated":true}]}}