{"id":311,"date":"2022-08-11T11:41:56","date_gmt":"2022-08-11T14:41:56","guid":{"rendered":"https:\/\/pedidos.aguasirte.com\/?post_type=product&#038;p=311"},"modified":"2022-08-18T13:45:04","modified_gmt":"2022-08-18T16:45:04","slug":"capsulas-oquendo-nero","status":"publish","type":"product","link":"https:\/\/pedidos.aguasirte.com\/index.php\/product\/capsulas-oquendo-nero\/","title":{"rendered":"Oquendo Nero caja 10 c\u00e1psulas"},"content":{"rendered":"<p>&nbsp;<\/p>\n<p>Caja de 10 c\u00e1psulas de caf\u00e9 muy intenso compatibles con m\u00e1quina Nespresso.<\/p>\n<p>La fuerza de su sabor se muestra con un gusto prolongado en el paladar. Un caf\u00e9 id\u00f3neo para consumirlo con leche por la ma\u00f1ana.<\/p>\n<p>$ 17.50 por c\u00e1psula.<\/p>\n","protected":false},"excerpt":{"rendered":"<p>Caja de 10 c\u00e1psulas de caf\u00e9 compatibles con m\u00e1quina Nespresso.<\/p>\n","protected":false},"featured_media":334,"template":"","meta":{"spay_email":""},"product_cat":[20],"product_tag":[55,56,60,61,63,62],"_links":{"self":[{"href":"https:\/\/pedidos.aguasirte.com\/index.php\/wp-json\/wp\/v2\/product\/311"}],"collection":[{"href":"https:\/\/pedidos.aguasirte.com\/index.php\/wp-json\/wp\/v2\/product"}],"about":[{"href":"https:\/\/pedidos.aguasirte.com\/index.php\/wp-json\/wp\/v2\/types\/product"}],"wp:featuredmedia":[{"embeddable":true,"href":"https:\/\/pedidos.aguasirte.com\/index.php\/wp-json\/wp\/v2\/media\/334"}],"wp:attachment":[{"href":"https:\/\/pedidos.aguasirte.com\/index.php\/wp-json\/wp\/v2\/media?parent=311"}],"wp:term":[{"taxonomy":"product_cat","embeddable":true,"href":"https:\/\/pedidos.aguasirte.com\/index.php\/wp-json\/wp\/v2\/product_cat?post=311"},{"taxonomy":"product_tag","embeddable":true,"href":"https:\/\/pedidos.aguasirte.com\/index.php\/wp-json\/wp\/v2\/product_tag?post=311"}],"curies":[{"name":"wp","href":"https:\/\/api.w.org\/{rel}","templated":true}]}}