{"id":310,"date":"2022-08-11T11:41:56","date_gmt":"2022-08-11T14:41:56","guid":{"rendered":"https:\/\/pedidos.aguasirte.com\/?post_type=product&#038;p=310"},"modified":"2022-08-18T13:45:34","modified_gmt":"2022-08-18T16:45:34","slug":"capsulas-oquendo-ristretto","status":"publish","type":"product","link":"https:\/\/pedidos.aguasirte.com\/index.php\/product\/capsulas-oquendo-ristretto\/","title":{"rendered":"Oquendo Ristretto caja 10 c\u00e1psulas"},"content":{"rendered":"<p>&nbsp;<\/p>\n<p>Caja de 10 c\u00e1psulas de caf\u00e9 muy intenso compatibles con m\u00e1quina Nespresso.<\/p>\n<p>Un caf\u00e9 pleno de matices arom\u00e1ticos afrutados y con un sabor intenso que perdura en el tiempo.<\/p>\n<p>$ 17,50 por c\u00e1psula.<\/p>\n","protected":false},"excerpt":{"rendered":"<p>Caja de 10 c\u00e1psulas de caf\u00e9 compatibles con m\u00e1quina Nespresso.<\/p>\n","protected":false},"featured_media":333,"template":"","meta":{"spay_email":""},"product_cat":[20],"product_tag":[55,56,60,61,63],"_links":{"self":[{"href":"https:\/\/pedidos.aguasirte.com\/index.php\/wp-json\/wp\/v2\/product\/310"}],"collection":[{"href":"https:\/\/pedidos.aguasirte.com\/index.php\/wp-json\/wp\/v2\/product"}],"about":[{"href":"https:\/\/pedidos.aguasirte.com\/index.php\/wp-json\/wp\/v2\/types\/product"}],"wp:featuredmedia":[{"embeddable":true,"href":"https:\/\/pedidos.aguasirte.com\/index.php\/wp-json\/wp\/v2\/media\/333"}],"wp:attachment":[{"href":"https:\/\/pedidos.aguasirte.com\/index.php\/wp-json\/wp\/v2\/media?parent=310"}],"wp:term":[{"taxonomy":"product_cat","embeddable":true,"href":"https:\/\/pedidos.aguasirte.com\/index.php\/wp-json\/wp\/v2\/product_cat?post=310"},{"taxonomy":"product_tag","embeddable":true,"href":"https:\/\/pedidos.aguasirte.com\/index.php\/wp-json\/wp\/v2\/product_tag?post=310"}],"curies":[{"name":"wp","href":"https:\/\/api.w.org\/{rel}","templated":true}]}}