{"id":273,"date":"2022-08-11T11:41:22","date_gmt":"2022-08-11T14:41:22","guid":{"rendered":"https:\/\/pedidos.aguasirte.com\/?post_type=product&#038;p=273"},"modified":"2022-10-12T08:57:45","modified_gmt":"2022-10-12T11:57:45","slug":"agua-sin-gas-1l","status":"publish","type":"product","link":"https:\/\/pedidos.aguasirte.com\/index.php\/product\/agua-sin-gas-1l\/","title":{"rendered":"Agua sin gas &#8211; 1L"},"content":{"rendered":"<p><strong>Env\u00edo m\u00ednimo:<\/strong> 6 botellas de 1L de cualquier producto de la l\u00ednea vidrio.<\/p>\n<p><strong>Precio unitario:<\/strong> $32,5<\/p>\n<p><strong>Precio Interior:<\/strong> $33,5<\/p>\n<p>No incluye costo de envase botella de vidrio:\u00a0 $10 IVA INC<\/p>\n<p>Se cobrar\u00e1n los envases en la primera compra y tendr\u00e1n un costo de se\u00f1a por \u00fanica vez\u00a0 en la primera entrega, dichos importes ser\u00e1n reintegrables al cliente en caso de devoluci\u00f3n de los mismos.<\/p>\n<p>Casillero de pl\u00e1stico: $ 80 IVA inc.<\/p>\n","protected":false},"excerpt":{"rendered":"<p><strong>Precio litro:<\/strong> $ 32,50<\/p>\n<p><strong>Env\u00edo m\u00ednimo:<\/strong> 6 botellas de 1L<\/p>\n<p>No incluye costo de envase.<\/p>\n","protected":false},"featured_media":285,"template":"","meta":{"spay_email":""},"product_cat":[16,69],"product_tag":[21],"_links":{"self":[{"href":"https:\/\/pedidos.aguasirte.com\/index.php\/wp-json\/wp\/v2\/product\/273"}],"collection":[{"href":"https:\/\/pedidos.aguasirte.com\/index.php\/wp-json\/wp\/v2\/product"}],"about":[{"href":"https:\/\/pedidos.aguasirte.com\/index.php\/wp-json\/wp\/v2\/types\/product"}],"wp:featuredmedia":[{"embeddable":true,"href":"https:\/\/pedidos.aguasirte.com\/index.php\/wp-json\/wp\/v2\/media\/285"}],"wp:attachment":[{"href":"https:\/\/pedidos.aguasirte.com\/index.php\/wp-json\/wp\/v2\/media?parent=273"}],"wp:term":[{"taxonomy":"product_cat","embeddable":true,"href":"https:\/\/pedidos.aguasirte.com\/index.php\/wp-json\/wp\/v2\/product_cat?post=273"},{"taxonomy":"product_tag","embeddable":true,"href":"https:\/\/pedidos.aguasirte.com\/index.php\/wp-json\/wp\/v2\/product_tag?post=273"}],"curies":[{"name":"wp","href":"https:\/\/api.w.org\/{rel}","templated":true}]}}