{"id":235,"date":"2022-05-10T13:59:08","date_gmt":"2022-05-10T16:59:08","guid":{"rendered":"https:\/\/pedidos.aguasirte.com\/?page_id=235"},"modified":"2022-05-10T14:04:59","modified_gmt":"2022-05-10T17:04:59","slug":"terminos-de-envio","status":"publish","type":"page","link":"https:\/\/pedidos.aguasirte.com\/index.php\/terminos-de-envio\/","title":{"rendered":"T\u00e9rminos de envi\u00f3"},"content":{"rendered":"<p><strong>T\u00e9rminos de Env\u00edo<\/strong><\/p>\n<p>El fletero de <strong>SIRTE SA<\/strong> pasar\u00e1, al menos una vez por semana, de lunes a viernes en el horario de 09:00 a 18:00 por el domicilio indicado por el Cliente.<\/p>\n<p>SIRTE SA realizar\u00e1 una validaci\u00f3n telef\u00f3nica de los datos, previo a enviar el pedido, reserv\u00e1ndose la posibilidad de no proceder a la entrega en caso de no contar con la validaci\u00f3n antes mencionada o de tratarse de una zona de entrega no cubierta por el servicio de <strong>SIRTE SA<\/strong>.<\/p>\n<p>El plazo de entrega comenzar\u00e1 a regir a partir de la confirmaci\u00f3n del pago y dependiendo del resultado de dicha validaci\u00f3n. En todos los casos, sin perjuicio de lo antes mencionado, <strong>SIRTE SA<\/strong> se reserva el derecho a no realizar entregas en aquellas zonas que por razones de seguridad hayan sido clasificadas como inseguras.<\/p>\n<p>La persona que reciba la entrega podr\u00e1 verificar el producto, previo a firmar la conformidad de la entrega. En dicho momento, se solicitar\u00e1 a la persona receptora del producto que suscriba el recibo con la aclaraci\u00f3n del nombre.<\/p>\n","protected":false},"excerpt":{"rendered":"<p>T\u00e9rminos de Env\u00edo El fletero de SIRTE SA pasar\u00e1, al menos una vez por semana, de lunes a viernes en el horario de 09:00 a 18:00 por el domicilio indicado por el Cliente. SIRTE SA realizar\u00e1 una validaci\u00f3n telef\u00f3nica de los datos, previo a enviar el pedido, reserv\u00e1ndose la posibilidad de no proceder a la entrega en caso de no contar con la validaci\u00f3n antes mencionada o de tratarse de una zona de entrega no cubierta por el servicio de SIRTE SA. El plazo de entrega comenzar\u00e1 a regir a partir de la confirmaci\u00f3n del pago y dependiendo del resultado de dicha validaci\u00f3n. En todos los casos, sin perjuicio de lo antes mencionado, SIRTE SA se reserva el derecho a no realizar entregas en aquellas zonas que por razones de seguridad hayan sido clasificadas como inseguras. La persona que reciba la entrega podr\u00e1 verificar el producto, previo a firmar la conformidad de la entrega. En dicho momento, se solicitar\u00e1 a la persona receptora del producto que suscriba el recibo con la aclaraci\u00f3n del nombre.<\/p>\n","protected":false},"author":1,"featured_media":0,"parent":0,"menu_order":0,"comment_status":"closed","ping_status":"closed","template":"","meta":{"spay_email":""},"_links":{"self":[{"href":"https:\/\/pedidos.aguasirte.com\/index.php\/wp-json\/wp\/v2\/pages\/235"}],"collection":[{"href":"https:\/\/pedidos.aguasirte.com\/index.php\/wp-json\/wp\/v2\/pages"}],"about":[{"href":"https:\/\/pedidos.aguasirte.com\/index.php\/wp-json\/wp\/v2\/types\/page"}],"author":[{"embeddable":true,"href":"https:\/\/pedidos.aguasirte.com\/index.php\/wp-json\/wp\/v2\/users\/1"}],"replies":[{"embeddable":true,"href":"https:\/\/pedidos.aguasirte.com\/index.php\/wp-json\/wp\/v2\/comments?post=235"}],"version-history":[{"count":5,"href":"https:\/\/pedidos.aguasirte.com\/index.php\/wp-json\/wp\/v2\/pages\/235\/revisions"}],"predecessor-version":[{"id":240,"href":"https:\/\/pedidos.aguasirte.com\/index.php\/wp-json\/wp\/v2\/pages\/235\/revisions\/240"}],"wp:attachment":[{"href":"https:\/\/pedidos.aguasirte.com\/index.php\/wp-json\/wp\/v2\/media?parent=235"}],"curies":[{"name":"wp","href":"https:\/\/api.w.org\/{rel}","templated":true}]}}