{"id":227,"date":"2022-05-10T13:36:30","date_gmt":"2022-05-10T16:36:30","guid":{"rendered":"https:\/\/pedidos.aguasirte.com\/?page_id=227"},"modified":"2022-05-10T13:40:42","modified_gmt":"2022-05-10T16:40:42","slug":"terminos-y-condiciones-de-la-compra","status":"publish","type":"page","link":"https:\/\/pedidos.aguasirte.com\/index.php\/terminos-y-condiciones-de-la-compra\/","title":{"rendered":"T\u00e9rminos y condiciones de la compra"},"content":{"rendered":"<h3>T\u00e9rminos y condiciones de la compra APP Sirte<\/h3>\n<p>A continuaci\u00f3n se detallan los t\u00e9rminos y condiciones que regir\u00e1n el acceso y utilizaci\u00f3n del sitio web <a href=\"https:\/\/pedidos.aguasirte.com\"><span style=\"color: #0000ff;\">APP Sirte<\/span>.<\/a><\/p>\n<p>La utilizaci\u00f3n\u00a0 de la <span style=\"color: #0000ff;\"><a style=\"color: #0000ff;\" href=\"https:\/\/pedidos.aguasirte.com\">APP Sirte<\/a><\/span>, implica la aceptaci\u00f3n irrevocable e incondicional por parte del Cliente de todos los t\u00e9rminos y condiciones establecidos en el presente, asumiendo la obligaci\u00f3n de respetar y cumplir los mismos. En caso de duda o discrepancia <strong>SIRTE SA<\/strong> se reserva la facultad de interpretaci\u00f3n de los presentes t\u00e9rminos y condiciones.<\/p>\n<p><b>SIRTE SA<\/b> se reserva el derecho de realizar modificaciones a los presentes t\u00e9rminos y condiciones de uso en la <span style=\"color: #0000ff;\"><a style=\"color: #0000ff;\" href=\"https:\/\/pedidos.aguasirte.com\">APP Sirte<\/a><\/span> y en las notificaciones que correspondieren, con la simple modificaci\u00f3n del presente, y en cualquier momento, comunic\u00e1ndolo a trav\u00e9s de la publicaci\u00f3n en la <a href=\"https:\/\/pedidos.aguasirte.com\"><span style=\"color: #0000ff;\">APP Sirte<\/span><\/a>.<\/p>\n<p>El servicio ofrecido a trav\u00e9s de la <span style=\"color: #0000ff;\"><a style=\"color: #0000ff;\" href=\"https:\/\/pedidos.aguasirte.com\">APP Sirte<\/a><\/span> podr\u00e1 sufrir suspensiones, o verse interrumpido o suspendido por causas no imputables a <strong>SIRTE SA<\/strong>, como ser fuerza mayor o caso fortuito, sin que por ello se incurra en responsabilidad alguna, y sin derecho del Cliente de reclamar indemnizaci\u00f3n o compensaci\u00f3n de clase alguna por la interrupci\u00f3n o suspensi\u00f3n.<\/p>\n<p>Si bien <strong>SIRTE SA<\/strong> ha tomado las medidas adecuadas para la Protecci\u00f3n de los Datos Personales de los Clientes, el Cliente acepta y reconoce que las medidas de seguridad en Internet no son inviolables.<\/p>\n<p>Los datos personales que proporciona el Cliente podr\u00e1n ser considerados en promociones propias, as\u00ed como de otras empresas o instituciones proveedores de bienes o servicios que realicen acuerdos comerciales con\u00a0<b>SIRTE SA<\/b>\u00a0y que signifiquen ventajas y\/o beneficios para el cliente. De acuerdo a la legislaci\u00f3n vigente la aceptaci\u00f3n de los t\u00e9rminos y condiciones se entender\u00e1 como consentimiento expreso del cliente a dichos efectos.<\/p>\n<p>Mediante el acceso y la utilizaci\u00f3n de la <span style=\"color: #0000ff;\"><a style=\"color: #0000ff;\" href=\"https:\/\/pedidos.aguasirte.com\">APP Sirte<\/a><\/span>, el Cliente acepta los t\u00e9rminos y condiciones y declara ser mayor de edad. Los padres, tutores o responsables de los menores de 18 a\u00f1os, son plenamente responsables por el uso de la <span style=\"color: #0000ff;\"><a style=\"color: #0000ff;\" href=\"https:\/\/pedidos.aguasirte.com\">APP Sirte<\/a> <\/span>por parte de \u00e9stos.<\/p>\n<p>El Cliente reconoce que toda la informaci\u00f3n suministrada por \u00e9l es verdadera, siendo de su exclusiva responsabilidad verificar que sus datos sean correctamente ingresados en la<span style=\"color: #0000ff;\"> <a style=\"color: #0000ff;\" href=\"https:\/\/pedidos.aguasirte.com\">APP Sirte<\/a><\/span>, siendo responsable en caso de falsedad de los datos aportados.<\/p>\n<p>Al utilizar la <span style=\"color: #0000ff;\"><a style=\"color: #0000ff;\" href=\"https:\/\/pedidos.aguasirte.com\">APP Sirte<\/a><\/span> el Cliente es responsable del cuidado de la confidencialidad de su cuenta y contrase\u00f1a, siendo responsable de la utilizaci\u00f3n de las mismas por terceras personas; as\u00ed como tambi\u00e9n por todo aquello que se registra en su cuenta.<\/p>\n<p>La <span style=\"color: #0000ff;\"><a style=\"color: #0000ff;\" href=\"https:\/\/pedidos.aguasirte.com\">APP Sirte<\/a><\/span> s\u00f3lo se puede utilizar con fines l\u00edcitos de oferta de productos a los posibles Clientes, y la adquisici\u00f3n por parte de ellos de los productos ofrecidos a trav\u00e9s de este medio. \u00c9stos se obligan a mantener indemne a SIRTE SA ante cualquier reclamaci\u00f3n extrajudicial, judicial o administrativo que pueda plantear cualquier tercero, por el uso indebido de la <span style=\"color: #0000ff;\"><a style=\"color: #0000ff;\" href=\"https:\/\/pedidos.aguasirte.com\">APP Sirte<\/a><\/span> por parte de el Cliente y de la actividad que \u00e9ste desarrolle en el mismo.<\/p>\n<p>El procedimiento de compra de productos o servicios publicados a trav\u00e9s de la <span style=\"color: #0000ff;\"><a style=\"color: #0000ff;\" href=\"https:\/\/pedidos.aguasirte.com\">APP Sirte<\/a><\/span> se encuentra sujeto a disponibilidad de stock, de la aprobaci\u00f3n de identidad del Cliente, de la imputaci\u00f3n correcta de la tarjeta de cr\u00e9dito o d\u00e9bito o valores transferidos, a la disponibilidad de entrega en la direcci\u00f3n indicada por el cliente, as\u00ed como tambi\u00e9n a la aprobaci\u00f3n previa por parte del Cliente de estos t\u00e9rminos y condiciones.<\/p>\n<p>Se deja expresa constancia que las caracter\u00edsticas de los productos podr\u00e1n sufrir variaciones, as\u00ed como los precios.<\/p>\n<p>Una vez elegido el producto, el Cliente deber\u00e1 presionar el bot\u00f3n comprar y ver\u00e1 en su carrito de compra los art\u00edculos que ha seleccionado, pudiendo modificar o eliminar los que desee.<\/p>\n<p>Las botellas PET de agua y los refrescos 0.600 L tienen una cantidad m\u00ednima de env\u00edo de 6 unidades (1 funda). Los refrescos 1,65 L PET tienen una cantidad m\u00ednima de env\u00edo de 4 unidades (1 funda)\u00a0para mayor comodidad de las familias.<\/p>\n<p>Las botellas de vidrio de 1L se venden por caj\u00f3n (12 unidades). Pod\u00e9s poner la combinaci\u00f3n de productos que prefieras.<\/p>\n<p>Si el pedido no cumple con estas condiciones de m\u00ednima cantidad de unidades, no podr\u00e1 llevarse a cabo la entrega.<\/p>\n<p>Se cobrar\u00e1n los envases en la primera compra y tendr\u00e1n un costo de se\u00f1a por \u00fanica vez\u00a0 en la primera entrega, dichos importes ser\u00e1n reintegrables al cliente en caso de devoluci\u00f3n de los mismos.Todos los precios incluyen IVA.<\/p>\n<p>El precio se expresar\u00e1 en moneda nacional con impuestos incluidos. En este \u00faltimo caso.<\/p>\n<p>El Cliente encontrar\u00e1 los distintos medios de pagos y promociones que se encuentran disponibles en la venta online al momento de su ingreso a la <span style=\"color: #0000ff;\"><a style=\"color: #0000ff;\" href=\"https:\/\/pedidos.aguasirte.com\">APP Sirte<\/a><\/span>.<\/p>\n<p>&nbsp;<\/p>\n","protected":false},"excerpt":{"rendered":"<p>T\u00e9rminos y condiciones de la compra APP Sirte A continuaci\u00f3n se detallan los t\u00e9rminos y condiciones que regir\u00e1n el acceso y utilizaci\u00f3n del sitio web APP Sirte. La utilizaci\u00f3n\u00a0 de la APP Sirte, implica la aceptaci\u00f3n irrevocable e incondicional por parte del Cliente de todos los t\u00e9rminos y condiciones establecidos en el presente, asumiendo la obligaci\u00f3n de respetar y cumplir los mismos. En caso de duda o discrepancia SIRTE SA se reserva la facultad de interpretaci\u00f3n de los presentes t\u00e9rminos y condiciones. SIRTE SA se reserva el derecho de realizar modificaciones a los presentes t\u00e9rminos y condiciones de uso en la APP Sirte y en las notificaciones que correspondieren, con la simple modificaci\u00f3n del presente, y en cualquier momento, comunic\u00e1ndolo a trav\u00e9s de la publicaci\u00f3n en la APP Sirte. El servicio ofrecido a trav\u00e9s de la APP Sirte podr\u00e1 sufrir suspensiones, o verse interrumpido o suspendido por causas no imputables a SIRTE SA, como ser fuerza mayor o caso fortuito, sin que por ello se incurra en responsabilidad alguna, y sin derecho del Cliente de reclamar indemnizaci\u00f3n o compensaci\u00f3n de clase alguna por la interrupci\u00f3n o suspensi\u00f3n. Si bien SIRTE SA ha tomado las medidas adecuadas para la Protecci\u00f3n de [&hellip;]<\/p>\n","protected":false},"author":1,"featured_media":0,"parent":0,"menu_order":0,"comment_status":"closed","ping_status":"closed","template":"","meta":{"spay_email":""},"_links":{"self":[{"href":"https:\/\/pedidos.aguasirte.com\/index.php\/wp-json\/wp\/v2\/pages\/227"}],"collection":[{"href":"https:\/\/pedidos.aguasirte.com\/index.php\/wp-json\/wp\/v2\/pages"}],"about":[{"href":"https:\/\/pedidos.aguasirte.com\/index.php\/wp-json\/wp\/v2\/types\/page"}],"author":[{"embeddable":true,"href":"https:\/\/pedidos.aguasirte.com\/index.php\/wp-json\/wp\/v2\/users\/1"}],"replies":[{"embeddable":true,"href":"https:\/\/pedidos.aguasirte.com\/index.php\/wp-json\/wp\/v2\/comments?post=227"}],"version-history":[{"count":5,"href":"https:\/\/pedidos.aguasirte.com\/index.php\/wp-json\/wp\/v2\/pages\/227\/revisions"}],"predecessor-version":[{"id":232,"href":"https:\/\/pedidos.aguasirte.com\/index.php\/wp-json\/wp\/v2\/pages\/227\/revisions\/232"}],"wp:attachment":[{"href":"https:\/\/pedidos.aguasirte.com\/index.php\/wp-json\/wp\/v2\/media?parent=227"}],"curies":[{"name":"wp","href":"https:\/\/api.w.org\/{rel}","templated":true}]}}